{"id":1565,"date":"2020-06-24T16:47:00","date_gmt":"2020-06-24T16:47:00","guid":{"rendered":"http:\/\/www.pro-corp.net\/bck\/?page_id=1565"},"modified":"2021-10-04T14:47:02","modified_gmt":"2021-10-04T19:47:02","slug":"politica-de-privacidad","status":"publish","type":"page","link":"https:\/\/www.pro-corp.net\/bck\/politica-de-privacidad\/","title":{"rendered":"Pol\u00edtica de Privacidad"},"content":{"rendered":"\t\t<div data-elementor-type=\"wp-page\" data-elementor-id=\"1565\" class=\"elementor elementor-1565\" data-elementor-settings=\"[]\">\n\t\t\t\t\t\t<div class=\"elementor-inner\">\n\t\t\t\t\t\t\t<div class=\"elementor-section-wrap\">\n\t\t\t\t\t\t\t<section class=\"elementor-section elementor-top-section elementor-element elementor-element-aa2e34b elementor-section-boxed elementor-section-height-default elementor-section-height-default\" data-id=\"aa2e34b\" data-element_type=\"section\">\n\t\t\t\t\t\t<div class=\"elementor-container elementor-column-gap-default\">\n\t\t\t\t\t\t\t<div class=\"elementor-row\">\n\t\t\t\t\t<div class=\"elementor-column elementor-col-100 elementor-top-column elementor-element elementor-element-c2e3b02\" data-id=\"c2e3b02\" data-element_type=\"column\">\n\t\t\t<div class=\"elementor-column-wrap elementor-element-populated\">\n\t\t\t\t\t\t\t<div class=\"elementor-widget-wrap\">\n\t\t\t\t\t\t<div class=\"elementor-element elementor-element-56b01bb elementor-widget elementor-widget-heading\" data-id=\"56b01bb\" data-element_type=\"widget\" data-widget_type=\"heading.default\">\n\t\t\t\t<div class=\"elementor-widget-container\">\n\t\t\t<h1 class=\"elementor-heading-title elementor-size-default\">Pol\u00edtica de Privacidad<\/h1>\t\t<\/div>\n\t\t\t\t<\/div>\n\t\t\t\t<div class=\"elementor-element elementor-element-21d62e9 elementor-widget elementor-widget-text-editor\" data-id=\"21d62e9\" data-element_type=\"widget\" data-widget_type=\"text-editor.default\">\n\t\t\t\t<div class=\"elementor-widget-container\">\n\t\t\t\t\t\t\t\t<div class=\"elementor-text-editor elementor-clearfix\">\n\t\t\t\t<p>En Pro Corp tomamos el manejo y la protecci\u00f3n de sus datos con responsabilidad. Nuestros formatos tienen llaves de seguridad que siguen regulaciones internacionales. Al llenar este formulario, usted est\u00e1 autorizando a PRO CORP al uso de esta informaci\u00f3n para el diligenciamiento\u00a0de su nacionalidad portuguesa.<\/p>\t\t\t\t\t<\/div>\n\t\t\t\t\t\t<\/div>\n\t\t\t\t<\/div>\n\t\t\t\t\t\t<\/div>\n\t\t\t\t\t<\/div>\n\t\t<\/div>\n\t\t\t\t\t\t\t\t<\/div>\n\t\t\t\t\t<\/div>\n\t\t<\/section>\n\t\t\t\t<section class=\"elementor-section elementor-top-section elementor-element elementor-element-8a20c0e elementor-section-boxed elementor-section-height-default elementor-section-height-default\" data-id=\"8a20c0e\" data-element_type=\"section\">\n\t\t\t\t\t\t<div class=\"elementor-container elementor-column-gap-default\">\n\t\t\t\t\t\t\t<div class=\"elementor-row\">\n\t\t\t\t\t<div class=\"elementor-column elementor-col-100 elementor-top-column elementor-element elementor-element-8a5239b\" data-id=\"8a5239b\" data-element_type=\"column\">\n\t\t\t<div class=\"elementor-column-wrap elementor-element-populated\">\n\t\t\t\t\t\t\t<div class=\"elementor-widget-wrap\">\n\t\t\t\t\t\t<div class=\"elementor-element elementor-element-7f0ed8f elementor-widget elementor-widget-text-editor\" data-id=\"7f0ed8f\" data-element_type=\"widget\" data-widget_type=\"text-editor.default\">\n\t\t\t\t<div class=\"elementor-widget-container\">\n\t\t\t\t\t\t\t\t<div class=\"elementor-text-editor elementor-clearfix\">\n\t\t\t\t<p>Tambi\u00e9n, dando cumplimiento a lo dispuesto en la ley 1581 de 2012 y a su decreto reglamentario 1377 de 2013, PRO CORP, adopta la presente pol\u00edtica para el tratamiento de Datos Personales (en adelante \u00abla pol\u00edtica\u00bb), la cual ser\u00e1 informada a todos los titulares de los datos recolectados o que en el futuro se obtengan. De esta manera, PRO CORP manifiesta que garantiza los derechos de la privacidad, la intimidad y el buen nombre en el tratamiento de los datos personales, y en consecuencia todas sus actuaciones se regir\u00e1n por los principios de legalidad, finalidad, libertad, veracidad o calidad, transparencia, acceso y circulaci\u00f3n restringida, seguridad y confidencialidad.<\/p><p><br \/>Todas las personas que suministren datos personales a PRO CORP, podr\u00e1n conocer, actualizar, rectificar, suprimir o revocar la autorizaci\u00f3n previamente otorgada.<\/p>\t\t\t\t\t<\/div>\n\t\t\t\t\t\t<\/div>\n\t\t\t\t<\/div>\n\t\t\t\t\t\t<\/div>\n\t\t\t\t\t<\/div>\n\t\t<\/div>\n\t\t\t\t\t\t\t\t<\/div>\n\t\t\t\t\t<\/div>\n\t\t<\/section>\n\t\t\t\t\t\t<\/div>\n\t\t\t\t\t\t<\/div>\n\t\t\t\t\t<\/div>\n\t\t","protected":false},"excerpt":{"rendered":"<p>Pol\u00edtica de Privacidad En Pro Corp tomamos el manejo y la protecci\u00f3n de sus datos con responsabilidad. Nuestros formatos tienen llaves de seguridad que siguen regulaciones internacionales. Al llenar este formulario, usted est\u00e1 autorizando a PRO CORP al uso de esta informaci\u00f3n para el diligenciamiento\u00a0de su nacionalidad portuguesa. Tambi\u00e9n, dando cumplimiento a lo dispuesto en [&hellip;]<\/p>\n","protected":false},"author":2,"featured_media":0,"parent":0,"menu_order":0,"comment_status":"closed","ping_status":"closed","template":"","meta":[],"yoast_head":"<!-- This site is optimized with the Yoast SEO plugin v18.2 - https:\/\/yoast.com\/wordpress\/plugins\/seo\/ -->\n<title>Pol\u00edtica de Privacidad - Pro Corp Corporate Development<\/title>\n<meta name=\"description\" content=\"Pol\u00edtica de Privacidad En Pro Corp tomamos el manejo y la protecci\u00f3n de sus datos con responsabilidad. Nuestros formatos tienen llaves de seguridad que\" \/>\n<meta name=\"robots\" content=\"noindex, nofollow\" \/>\n<meta property=\"og:locale\" content=\"es_ES\" \/>\n<meta property=\"og:type\" content=\"article\" \/>\n<meta property=\"og:title\" content=\"Pol\u00edtica de Privacidad - Pro Corp Corporate Development\" \/>\n<meta property=\"og:description\" content=\"Pol\u00edtica de Privacidad En Pro Corp tomamos el manejo y la protecci\u00f3n de sus datos con responsabilidad. Nuestros formatos tienen llaves de seguridad que\" \/>\n<meta property=\"og:url\" content=\"https:\/\/www.pro-corp.net\/bck\/politica-de-privacidad\/\" \/>\n<meta property=\"og:site_name\" content=\"Pro Corp Corporate Development\" \/>\n<meta property=\"article:publisher\" content=\"https:\/\/www.facebook.com\/Pro-Corp-Asesoria-legal-y-empresarial-105779337842842\/\" \/>\n<meta property=\"article:modified_time\" content=\"2021-10-04T19:47:02+00:00\" \/>\n<meta property=\"og:image\" content=\"https:\/\/www.pro-corp.net\/bck\/wp-content\/uploads\/2020\/06\/logo-PXRecurso-3.png\" \/>\n\t<meta property=\"og:image:width\" content=\"220\" \/>\n\t<meta property=\"og:image:height\" content=\"41\" \/>\n\t<meta property=\"og:image:type\" content=\"image\/png\" \/>\n<meta name=\"twitter:card\" content=\"summary_large_image\" \/>\n<meta name=\"twitter:site\" content=\"@Pro_Corp\" \/>\n<meta name=\"twitter:label1\" content=\"Tiempo de lectura\" \/>\n\t<meta name=\"twitter:data1\" content=\"1 minuto\" \/>\n<script type=\"application\/ld+json\" class=\"yoast-schema-graph\">{\"@context\":\"https:\/\/schema.org\",\"@graph\":[{\"@type\":\"Organization\",\"@id\":\"https:\/\/www.pro-corp.net\/bck\/#organization\",\"name\":\"Pro Corp Corporate Development\",\"url\":\"https:\/\/www.pro-corp.net\/bck\/\",\"sameAs\":[\"https:\/\/www.facebook.com\/Pro-Corp-Asesoria-legal-y-empresarial-105779337842842\/\",\"https:\/\/twitter.com\/Pro_Corp\"],\"logo\":{\"@type\":\"ImageObject\",\"@id\":\"https:\/\/www.pro-corp.net\/bck\/#logo\",\"inLanguage\":\"es\",\"url\":\"http:\/\/www.pro-corp.net\/bck\/wp-content\/uploads\/2020\/06\/icon.png\",\"contentUrl\":\"http:\/\/www.pro-corp.net\/bck\/wp-content\/uploads\/2020\/06\/icon.png\",\"width\":640,\"height\":640,\"caption\":\"Pro Corp Corporate Development\"},\"image\":{\"@id\":\"https:\/\/www.pro-corp.net\/bck\/#logo\"}},{\"@type\":\"WebSite\",\"@id\":\"https:\/\/www.pro-corp.net\/bck\/#website\",\"url\":\"https:\/\/www.pro-corp.net\/bck\/\",\"name\":\"Pro Corp Corporate Development\",\"description\":\"Nacionalidad Europea por Ley Sefard\u00ed\",\"publisher\":{\"@id\":\"https:\/\/www.pro-corp.net\/bck\/#organization\"},\"potentialAction\":[{\"@type\":\"SearchAction\",\"target\":{\"@type\":\"EntryPoint\",\"urlTemplate\":\"https:\/\/www.pro-corp.net\/bck\/?s={search_term_string}\"},\"query-input\":\"required name=search_term_string\"}],\"inLanguage\":\"es\"},{\"@type\":\"WebPage\",\"@id\":\"https:\/\/www.pro-corp.net\/bck\/politica-de-privacidad\/#webpage\",\"url\":\"https:\/\/www.pro-corp.net\/bck\/politica-de-privacidad\/\",\"name\":\"Pol\u00edtica de Privacidad - Pro Corp Corporate Development\",\"isPartOf\":{\"@id\":\"https:\/\/www.pro-corp.net\/bck\/#website\"},\"datePublished\":\"2020-06-24T16:47:00+00:00\",\"dateModified\":\"2021-10-04T19:47:02+00:00\",\"description\":\"Pol\u00edtica de Privacidad En Pro Corp tomamos el manejo y la protecci\u00f3n de sus datos con responsabilidad. Nuestros formatos tienen llaves de seguridad que\",\"breadcrumb\":{\"@id\":\"https:\/\/www.pro-corp.net\/bck\/politica-de-privacidad\/#breadcrumb\"},\"inLanguage\":\"es\",\"potentialAction\":[{\"@type\":\"ReadAction\",\"target\":[\"https:\/\/www.pro-corp.net\/bck\/politica-de-privacidad\/\"]}]},{\"@type\":\"BreadcrumbList\",\"@id\":\"https:\/\/www.pro-corp.net\/bck\/politica-de-privacidad\/#breadcrumb\",\"itemListElement\":[{\"@type\":\"ListItem\",\"position\":1,\"name\":\"Pol\u00edtica de Privacidad\"}]}]}<\/script>\n<!-- \/ Yoast SEO plugin. -->","yoast_head_json":{"title":"Pol\u00edtica de Privacidad - Pro Corp Corporate Development","description":"Pol\u00edtica de Privacidad En Pro Corp tomamos el manejo y la protecci\u00f3n de sus datos con responsabilidad. Nuestros formatos tienen llaves de seguridad que","robots":{"index":"noindex","follow":"nofollow"},"og_locale":"es_ES","og_type":"article","og_title":"Pol\u00edtica de Privacidad - Pro Corp Corporate Development","og_description":"Pol\u00edtica de Privacidad En Pro Corp tomamos el manejo y la protecci\u00f3n de sus datos con responsabilidad. Nuestros formatos tienen llaves de seguridad que","og_url":"https:\/\/www.pro-corp.net\/bck\/politica-de-privacidad\/","og_site_name":"Pro Corp Corporate Development","article_publisher":"https:\/\/www.facebook.com\/Pro-Corp-Asesoria-legal-y-empresarial-105779337842842\/","article_modified_time":"2021-10-04T19:47:02+00:00","og_image":[{"width":220,"height":41,"url":"https:\/\/www.pro-corp.net\/bck\/wp-content\/uploads\/2020\/06\/logo-PXRecurso-3.png","type":"image\/png"}],"twitter_card":"summary_large_image","twitter_site":"@Pro_Corp","twitter_misc":{"Tiempo de lectura":"1 minuto"},"schema":{"@context":"https:\/\/schema.org","@graph":[{"@type":"Organization","@id":"https:\/\/www.pro-corp.net\/bck\/#organization","name":"Pro Corp Corporate Development","url":"https:\/\/www.pro-corp.net\/bck\/","sameAs":["https:\/\/www.facebook.com\/Pro-Corp-Asesoria-legal-y-empresarial-105779337842842\/","https:\/\/twitter.com\/Pro_Corp"],"logo":{"@type":"ImageObject","@id":"https:\/\/www.pro-corp.net\/bck\/#logo","inLanguage":"es","url":"http:\/\/www.pro-corp.net\/bck\/wp-content\/uploads\/2020\/06\/icon.png","contentUrl":"http:\/\/www.pro-corp.net\/bck\/wp-content\/uploads\/2020\/06\/icon.png","width":640,"height":640,"caption":"Pro Corp Corporate Development"},"image":{"@id":"https:\/\/www.pro-corp.net\/bck\/#logo"}},{"@type":"WebSite","@id":"https:\/\/www.pro-corp.net\/bck\/#website","url":"https:\/\/www.pro-corp.net\/bck\/","name":"Pro Corp Corporate Development","description":"Nacionalidad Europea por Ley Sefard\u00ed","publisher":{"@id":"https:\/\/www.pro-corp.net\/bck\/#organization"},"potentialAction":[{"@type":"SearchAction","target":{"@type":"EntryPoint","urlTemplate":"https:\/\/www.pro-corp.net\/bck\/?s={search_term_string}"},"query-input":"required name=search_term_string"}],"inLanguage":"es"},{"@type":"WebPage","@id":"https:\/\/www.pro-corp.net\/bck\/politica-de-privacidad\/#webpage","url":"https:\/\/www.pro-corp.net\/bck\/politica-de-privacidad\/","name":"Pol\u00edtica de Privacidad - Pro Corp Corporate Development","isPartOf":{"@id":"https:\/\/www.pro-corp.net\/bck\/#website"},"datePublished":"2020-06-24T16:47:00+00:00","dateModified":"2021-10-04T19:47:02+00:00","description":"Pol\u00edtica de Privacidad En Pro Corp tomamos el manejo y la protecci\u00f3n de sus datos con responsabilidad. Nuestros formatos tienen llaves de seguridad que","breadcrumb":{"@id":"https:\/\/www.pro-corp.net\/bck\/politica-de-privacidad\/#breadcrumb"},"inLanguage":"es","potentialAction":[{"@type":"ReadAction","target":["https:\/\/www.pro-corp.net\/bck\/politica-de-privacidad\/"]}]},{"@type":"BreadcrumbList","@id":"https:\/\/www.pro-corp.net\/bck\/politica-de-privacidad\/#breadcrumb","itemListElement":[{"@type":"ListItem","position":1,"name":"Pol\u00edtica de Privacidad"}]}]}},"_links":{"self":[{"href":"https:\/\/www.pro-corp.net\/bck\/wp-json\/wp\/v2\/pages\/1565"}],"collection":[{"href":"https:\/\/www.pro-corp.net\/bck\/wp-json\/wp\/v2\/pages"}],"about":[{"href":"https:\/\/www.pro-corp.net\/bck\/wp-json\/wp\/v2\/types\/page"}],"author":[{"embeddable":true,"href":"https:\/\/www.pro-corp.net\/bck\/wp-json\/wp\/v2\/users\/2"}],"replies":[{"embeddable":true,"href":"https:\/\/www.pro-corp.net\/bck\/wp-json\/wp\/v2\/comments?post=1565"}],"version-history":[{"count":12,"href":"https:\/\/www.pro-corp.net\/bck\/wp-json\/wp\/v2\/pages\/1565\/revisions"}],"predecessor-version":[{"id":7601,"href":"https:\/\/www.pro-corp.net\/bck\/wp-json\/wp\/v2\/pages\/1565\/revisions\/7601"}],"wp:attachment":[{"href":"https:\/\/www.pro-corp.net\/bck\/wp-json\/wp\/v2\/media?parent=1565"}],"curies":[{"name":"wp","href":"https:\/\/api.w.org\/{rel}","templated":true}]}}